{"id":1260,"date":"2023-12-05T14:31:47","date_gmt":"2023-12-05T14:31:47","guid":{"rendered":"https:\/\/www.alcediag-alcen.com\/edit-b\/"},"modified":"2024-05-16T09:14:41","modified_gmt":"2024-05-16T09:14:41","slug":"edit-b","status":"publish","type":"page","link":"https:\/\/www.alcediag-alcen.com\/fr\/produits-services\/edit-b\/","title":{"rendered":"EDIT-B<sup>\u00ae<\/sup>"},"content":{"rendered":"","protected":false},"excerpt":{"rendered":"","protected":false},"author":1,"featured_media":1382,"parent":1335,"menu_order":1,"comment_status":"closed","ping_status":"closed","template":"","meta":{"_acf_changed":false,"_et_pb_use_builder":"on","_et_pb_old_content":"","_et_gb_content_width":"","footnotes":""},"class_list":["post-1260","page","type-page","status-publish","has-post-thumbnail","hentry"],"acf":[],"yoast_head":"<!-- This site is optimized with the Yoast SEO plugin v27.2 - https:\/\/yoast.com\/product\/yoast-seo-wordpress\/ -->\n<title>EDIT-B, un test sanguin pour diff\u00e9rencier la d\u00e9pression des troubles bipolaires | ALCEDIAG.<\/title>\n<meta name=\"description\" content=\"En savoir plus sur EDIT-B (ou myEDIT-B), le premier test sanguin permettant de diff\u00e9rencier la d\u00e9pression du trouble bipolaire.\" \/>\n<meta name=\"robots\" content=\"index, follow, max-snippet:-1, max-image-preview:large, max-video-preview:-1\" \/>\n<link rel=\"canonical\" href=\"https:\/\/www.alcediag-alcen.com\/fr\/produits-services\/edit-b\/\" \/>\n<meta property=\"og:locale\" content=\"fr_FR\" \/>\n<meta property=\"og:type\" content=\"article\" \/>\n<meta property=\"og:title\" content=\"EDIT-B, un test sanguin pour diff\u00e9rencier la d\u00e9pression des troubles bipolaires\" \/>\n<meta property=\"og:description\" content=\"Vers une psychiatrie de pr\u00e9cision : un test sanguin simple et rapide pour diff\u00e9rencier la d\u00e9pression et le trouble bipolaire chez les adultes, avec une sensibilit\u00e9 et une sp\u00e9cificit\u00e9 sup\u00e9rieures \u00e0 80\" \/>\n<meta property=\"og:url\" content=\"https:\/\/www.alcediag-alcen.com\/fr\/produits-services\/edit-b\/\" \/>\n<meta property=\"og:site_name\" content=\"ALCEDIAG\" \/>\n<meta property=\"article:modified_time\" content=\"2024-05-16T09:14:41+00:00\" \/>\n<meta property=\"og:image\" content=\"https:\/\/www.alcediag-alcen.com\/wp-content\/uploads\/2023\/11\/Edit-B-Kit-Box.jpg\" \/>\n<meta name=\"twitter:card\" content=\"summary_large_image\" \/>\n<meta name=\"twitter:title\" content=\"EDIT-B, un test sanguin pour diff\u00e9rencier la d\u00e9pression des troubles bipolaires\" \/>\n<meta name=\"twitter:description\" content=\"Vers une psychiatrie de pr\u00e9cision : un test sanguin simple et rapide pour diff\u00e9rencier la d\u00e9pression et le trouble bipolaire chez les adultes, avec une sensibilit\u00e9 et une sp\u00e9cificit\u00e9 sup\u00e9rieures \u00e0 80\" \/>\n<meta name=\"twitter:image\" content=\"https:\/\/www.alcediag-alcen.com\/wp-content\/uploads\/2023\/11\/Edit-B-Kit-Box.jpg\" \/>\n<script type=\"application\/ld+json\" class=\"yoast-schema-graph\">{\"@context\":\"https:\/\/schema.org\",\"@graph\":[{\"@type\":\"WebPage\",\"@id\":\"https:\/\/www.alcediag-alcen.com\/fr\/produits-services\/edit-b\/\",\"url\":\"https:\/\/www.alcediag-alcen.com\/fr\/produits-services\/edit-b\/\",\"name\":\"EDIT-B, un test sanguin pour diff\u00e9rencier la d\u00e9pression des troubles bipolaires | ALCEDIAG.\",\"isPartOf\":{\"@id\":\"https:\/\/www.alcediag-alcen.com\/fr\/#website\"},\"primaryImageOfPage\":{\"@id\":\"https:\/\/www.alcediag-alcen.com\/fr\/produits-services\/edit-b\/#primaryimage\"},\"image\":{\"@id\":\"https:\/\/www.alcediag-alcen.com\/fr\/produits-services\/edit-b\/#primaryimage\"},\"thumbnailUrl\":\"https:\/\/www.alcediag-alcen.com\/wp-content\/uploads\/2024\/05\/ALCEDIAG-EDIT-B-Assay-box.webp\",\"datePublished\":\"2023-12-05T14:31:47+00:00\",\"dateModified\":\"2024-05-16T09:14:41+00:00\",\"description\":\"En savoir plus sur EDIT-B (ou myEDIT-B), le premier test sanguin permettant de diff\u00e9rencier la d\u00e9pression du trouble bipolaire.\",\"breadcrumb\":{\"@id\":\"https:\/\/www.alcediag-alcen.com\/fr\/produits-services\/edit-b\/#breadcrumb\"},\"inLanguage\":\"fr-FR\",\"potentialAction\":[{\"@type\":\"ReadAction\",\"target\":[\"https:\/\/www.alcediag-alcen.com\/fr\/produits-services\/edit-b\/\"]}]},{\"@type\":\"ImageObject\",\"inLanguage\":\"fr-FR\",\"@id\":\"https:\/\/www.alcediag-alcen.com\/fr\/produits-services\/edit-b\/#primaryimage\",\"url\":\"https:\/\/www.alcediag-alcen.com\/wp-content\/uploads\/2024\/05\/ALCEDIAG-EDIT-B-Assay-box.webp\",\"contentUrl\":\"https:\/\/www.alcediag-alcen.com\/wp-content\/uploads\/2024\/05\/ALCEDIAG-EDIT-B-Assay-box.webp\",\"width\":1920,\"height\":1080,\"caption\":\"ALCEDIAG, EDIT-B Assay-box\"},{\"@type\":\"BreadcrumbList\",\"@id\":\"https:\/\/www.alcediag-alcen.com\/fr\/produits-services\/edit-b\/#breadcrumb\",\"itemListElement\":[{\"@type\":\"ListItem\",\"position\":1,\"name\":\"Home\",\"item\":\"https:\/\/www.alcediag-alcen.com\/fr\/\"},{\"@type\":\"ListItem\",\"position\":2,\"name\":\"Produits &amp; Services\",\"item\":\"https:\/\/www.alcediag-alcen.com\/fr\/produits-services\/\"},{\"@type\":\"ListItem\",\"position\":3,\"name\":\"EDIT-B\u00ae\"}]},{\"@type\":\"WebSite\",\"@id\":\"https:\/\/www.alcediag-alcen.com\/fr\/#website\",\"url\":\"https:\/\/www.alcediag-alcen.com\/fr\/\",\"name\":\"ALCEDIAG, biomarkers for better health\",\"description\":\"biomarkers for better health\",\"publisher\":{\"@id\":\"https:\/\/www.alcediag-alcen.com\/fr\/#organization\"},\"potentialAction\":[{\"@type\":\"SearchAction\",\"target\":{\"@type\":\"EntryPoint\",\"urlTemplate\":\"https:\/\/www.alcediag-alcen.com\/fr\/?s={search_term_string}\"},\"query-input\":{\"@type\":\"PropertyValueSpecification\",\"valueRequired\":true,\"valueName\":\"search_term_string\"}}],\"inLanguage\":\"fr-FR\"},{\"@type\":\"Organization\",\"@id\":\"https:\/\/www.alcediag-alcen.com\/fr\/#organization\",\"name\":\"ALCEDIAG\",\"alternateName\":\"ALCEDIAG, biomarkers for better health\",\"url\":\"https:\/\/www.alcediag-alcen.com\/fr\/\",\"logo\":{\"@type\":\"ImageObject\",\"inLanguage\":\"fr-FR\",\"@id\":\"https:\/\/www.alcediag-alcen.com\/fr\/#\/schema\/logo\/image\/\",\"url\":\"https:\/\/www.alcediag-alcen.com\/wp-content\/uploads\/2024\/04\/ALCEDIAG-AforHEALTH.png\",\"contentUrl\":\"https:\/\/www.alcediag-alcen.com\/wp-content\/uploads\/2024\/04\/ALCEDIAG-AforHEALTH.png\",\"width\":1200,\"height\":222,\"caption\":\"ALCEDIAG\"},\"image\":{\"@id\":\"https:\/\/www.alcediag-alcen.com\/fr\/#\/schema\/logo\/image\/\"},\"sameAs\":[\"https:\/\/www.linkedin.com\/company\/alcediag\/\"]}]}<\/script>\n<!-- \/ Yoast SEO plugin. -->","yoast_head_json":{"title":"EDIT-B, un test sanguin pour diff\u00e9rencier la d\u00e9pression des troubles bipolaires | ALCEDIAG.","description":"En savoir plus sur EDIT-B (ou myEDIT-B), le premier test sanguin permettant de diff\u00e9rencier la d\u00e9pression du trouble bipolaire.","robots":{"index":"index","follow":"follow","max-snippet":"max-snippet:-1","max-image-preview":"max-image-preview:large","max-video-preview":"max-video-preview:-1"},"canonical":"https:\/\/www.alcediag-alcen.com\/fr\/produits-services\/edit-b\/","og_locale":"fr_FR","og_type":"article","og_title":"EDIT-B, un test sanguin pour diff\u00e9rencier la d\u00e9pression des troubles bipolaires","og_description":"Vers une psychiatrie de pr\u00e9cision : un test sanguin simple et rapide pour diff\u00e9rencier la d\u00e9pression et le trouble bipolaire chez les adultes, avec une sensibilit\u00e9 et une sp\u00e9cificit\u00e9 sup\u00e9rieures \u00e0 80","og_url":"https:\/\/www.alcediag-alcen.com\/fr\/produits-services\/edit-b\/","og_site_name":"ALCEDIAG","article_modified_time":"2024-05-16T09:14:41+00:00","og_image":[{"url":"https:\/\/www.alcediag-alcen.com\/wp-content\/uploads\/2023\/11\/Edit-B-Kit-Box.jpg","type":"","width":"","height":""}],"twitter_card":"summary_large_image","twitter_title":"EDIT-B, un test sanguin pour diff\u00e9rencier la d\u00e9pression des troubles bipolaires","twitter_description":"Vers une psychiatrie de pr\u00e9cision : un test sanguin simple et rapide pour diff\u00e9rencier la d\u00e9pression et le trouble bipolaire chez les adultes, avec une sensibilit\u00e9 et une sp\u00e9cificit\u00e9 sup\u00e9rieures \u00e0 80","twitter_image":"https:\/\/www.alcediag-alcen.com\/wp-content\/uploads\/2023\/11\/Edit-B-Kit-Box.jpg","schema":{"@context":"https:\/\/schema.org","@graph":[{"@type":"WebPage","@id":"https:\/\/www.alcediag-alcen.com\/fr\/produits-services\/edit-b\/","url":"https:\/\/www.alcediag-alcen.com\/fr\/produits-services\/edit-b\/","name":"EDIT-B, un test sanguin pour diff\u00e9rencier la d\u00e9pression des troubles bipolaires | ALCEDIAG.","isPartOf":{"@id":"https:\/\/www.alcediag-alcen.com\/fr\/#website"},"primaryImageOfPage":{"@id":"https:\/\/www.alcediag-alcen.com\/fr\/produits-services\/edit-b\/#primaryimage"},"image":{"@id":"https:\/\/www.alcediag-alcen.com\/fr\/produits-services\/edit-b\/#primaryimage"},"thumbnailUrl":"https:\/\/www.alcediag-alcen.com\/wp-content\/uploads\/2024\/05\/ALCEDIAG-EDIT-B-Assay-box.webp","datePublished":"2023-12-05T14:31:47+00:00","dateModified":"2024-05-16T09:14:41+00:00","description":"En savoir plus sur EDIT-B (ou myEDIT-B), le premier test sanguin permettant de diff\u00e9rencier la d\u00e9pression du trouble bipolaire.","breadcrumb":{"@id":"https:\/\/www.alcediag-alcen.com\/fr\/produits-services\/edit-b\/#breadcrumb"},"inLanguage":"fr-FR","potentialAction":[{"@type":"ReadAction","target":["https:\/\/www.alcediag-alcen.com\/fr\/produits-services\/edit-b\/"]}]},{"@type":"ImageObject","inLanguage":"fr-FR","@id":"https:\/\/www.alcediag-alcen.com\/fr\/produits-services\/edit-b\/#primaryimage","url":"https:\/\/www.alcediag-alcen.com\/wp-content\/uploads\/2024\/05\/ALCEDIAG-EDIT-B-Assay-box.webp","contentUrl":"https:\/\/www.alcediag-alcen.com\/wp-content\/uploads\/2024\/05\/ALCEDIAG-EDIT-B-Assay-box.webp","width":1920,"height":1080,"caption":"ALCEDIAG, EDIT-B Assay-box"},{"@type":"BreadcrumbList","@id":"https:\/\/www.alcediag-alcen.com\/fr\/produits-services\/edit-b\/#breadcrumb","itemListElement":[{"@type":"ListItem","position":1,"name":"Home","item":"https:\/\/www.alcediag-alcen.com\/fr\/"},{"@type":"ListItem","position":2,"name":"Produits &amp; Services","item":"https:\/\/www.alcediag-alcen.com\/fr\/produits-services\/"},{"@type":"ListItem","position":3,"name":"EDIT-B\u00ae"}]},{"@type":"WebSite","@id":"https:\/\/www.alcediag-alcen.com\/fr\/#website","url":"https:\/\/www.alcediag-alcen.com\/fr\/","name":"ALCEDIAG, biomarkers for better health","description":"biomarkers for better health","publisher":{"@id":"https:\/\/www.alcediag-alcen.com\/fr\/#organization"},"potentialAction":[{"@type":"SearchAction","target":{"@type":"EntryPoint","urlTemplate":"https:\/\/www.alcediag-alcen.com\/fr\/?s={search_term_string}"},"query-input":{"@type":"PropertyValueSpecification","valueRequired":true,"valueName":"search_term_string"}}],"inLanguage":"fr-FR"},{"@type":"Organization","@id":"https:\/\/www.alcediag-alcen.com\/fr\/#organization","name":"ALCEDIAG","alternateName":"ALCEDIAG, biomarkers for better health","url":"https:\/\/www.alcediag-alcen.com\/fr\/","logo":{"@type":"ImageObject","inLanguage":"fr-FR","@id":"https:\/\/www.alcediag-alcen.com\/fr\/#\/schema\/logo\/image\/","url":"https:\/\/www.alcediag-alcen.com\/wp-content\/uploads\/2024\/04\/ALCEDIAG-AforHEALTH.png","contentUrl":"https:\/\/www.alcediag-alcen.com\/wp-content\/uploads\/2024\/04\/ALCEDIAG-AforHEALTH.png","width":1200,"height":222,"caption":"ALCEDIAG"},"image":{"@id":"https:\/\/www.alcediag-alcen.com\/fr\/#\/schema\/logo\/image\/"},"sameAs":["https:\/\/www.linkedin.com\/company\/alcediag\/"]}]}},"_links":{"self":[{"href":"https:\/\/www.alcediag-alcen.com\/fr\/wp-json\/wp\/v2\/pages\/1260","targetHints":{"allow":["GET"]}}],"collection":[{"href":"https:\/\/www.alcediag-alcen.com\/fr\/wp-json\/wp\/v2\/pages"}],"about":[{"href":"https:\/\/www.alcediag-alcen.com\/fr\/wp-json\/wp\/v2\/types\/page"}],"author":[{"embeddable":true,"href":"https:\/\/www.alcediag-alcen.com\/fr\/wp-json\/wp\/v2\/users\/1"}],"replies":[{"embeddable":true,"href":"https:\/\/www.alcediag-alcen.com\/fr\/wp-json\/wp\/v2\/comments?post=1260"}],"version-history":[{"count":4,"href":"https:\/\/www.alcediag-alcen.com\/fr\/wp-json\/wp\/v2\/pages\/1260\/revisions"}],"predecessor-version":[{"id":3128,"href":"https:\/\/www.alcediag-alcen.com\/fr\/wp-json\/wp\/v2\/pages\/1260\/revisions\/3128"}],"up":[{"embeddable":true,"href":"https:\/\/www.alcediag-alcen.com\/fr\/wp-json\/wp\/v2\/pages\/1335"}],"wp:featuredmedia":[{"embeddable":true,"href":"https:\/\/www.alcediag-alcen.com\/fr\/wp-json\/wp\/v2\/media\/1382"}],"wp:attachment":[{"href":"https:\/\/www.alcediag-alcen.com\/fr\/wp-json\/wp\/v2\/media?parent=1260"}],"curies":[{"name":"wp","href":"https:\/\/api.w.org\/{rel}","templated":true}]}}