{"id":1322,"date":"2023-12-05T14:27:51","date_gmt":"2023-12-05T14:27:51","guid":{"rendered":"https:\/\/www.alcediag-alcen.com\/recompenses-labels\/"},"modified":"2024-07-10T12:25:55","modified_gmt":"2024-07-10T12:25:55","slug":"recompenses-certifications","status":"publish","type":"page","link":"https:\/\/www.alcediag-alcen.com\/fr\/a-propos-dalcediag\/recompenses-certifications\/","title":{"rendered":"R\u00e9compenses &amp; certifications"},"content":{"rendered":"<p>[et_pb_section admin_label=\u00a0\u00bbsection\u00a0\u00bb]<br \/>\n\t\t\t[et_pb_row admin_label=\u00a0\u00bbrow\u00a0\u00bb]<br \/>\n\t\t\t\t[et_pb_column type=\u00a0\u00bb4_4&Prime;][et_pb_text admin_label=\u00a0\u00bbText\u00a0\u00bb][\/et_pb_text][\/et_pb_column]<br \/>\n\t\t\t[\/et_pb_row]<br \/>\n\t\t[\/et_pb_section]<\/p>\n","protected":false},"excerpt":{"rendered":"","protected":false},"author":1,"featured_media":1190,"parent":1325,"menu_order":1,"comment_status":"closed","ping_status":"closed","template":"","meta":{"_acf_changed":false,"_et_pb_use_builder":"on","_et_pb_old_content":"","_et_gb_content_width":"","footnotes":""},"class_list":["post-1322","page","type-page","status-publish","has-post-thumbnail","hentry"],"acf":[],"yoast_head":"<!-- This site is optimized with the Yoast SEO plugin v27.2 - https:\/\/yoast.com\/product\/yoast-seo-wordpress\/ -->\n<title>R\u00e9compenses &amp; certifications | ALCEDIAG<\/title>\n<meta name=\"description\" content=\"D\u00e9couvrez quelques-unes des principales r\u00e9alisations d&#039;Alcediag et la reconnaissance de ses pairs\" \/>\n<meta name=\"robots\" content=\"index, follow, max-snippet:-1, max-image-preview:large, max-video-preview:-1\" \/>\n<link rel=\"canonical\" href=\"https:\/\/www.alcediag-alcen.com\/fr\/a-propos-dalcediag\/recompenses-certifications\/\" \/>\n<meta property=\"og:locale\" content=\"fr_FR\" \/>\n<meta property=\"og:type\" content=\"article\" \/>\n<meta property=\"og:title\" content=\"ALCEDIAG, entreprise r\u00e9compens\u00e9e\" \/>\n<meta property=\"og:description\" content=\"D\u00e9couvrez quelques-unes des principales r\u00e9alisations d&#039;ALCEDIAG et la reconnaissance de ses pairs\" \/>\n<meta property=\"og:url\" content=\"https:\/\/www.alcediag-alcen.com\/fr\/a-propos-dalcediag\/recompenses-certifications\/\" \/>\n<meta property=\"og:site_name\" content=\"ALCEDIAG\" \/>\n<meta property=\"article:modified_time\" content=\"2024-07-10T12:25:55+00:00\" \/>\n<meta property=\"og:image\" content=\"https:\/\/www.alcediag-alcen.com\/wp-content\/uploads\/2024\/04\/grand-prix-check-up-sante-1024x683.jpg\" \/>\n<meta name=\"twitter:card\" content=\"summary_large_image\" \/>\n<meta name=\"twitter:label1\" content=\"Dur\u00e9e de lecture estim\u00e9e\" \/>\n\t<meta name=\"twitter:data1\" content=\"1 minute\" \/>\n<script type=\"application\/ld+json\" class=\"yoast-schema-graph\">{\"@context\":\"https:\/\/schema.org\",\"@graph\":[{\"@type\":\"WebPage\",\"@id\":\"https:\/\/www.alcediag-alcen.com\/fr\/a-propos-dalcediag\/recompenses-certifications\/\",\"url\":\"https:\/\/www.alcediag-alcen.com\/fr\/a-propos-dalcediag\/recompenses-certifications\/\",\"name\":\"R\u00e9compenses &amp; certifications | ALCEDIAG\",\"isPartOf\":{\"@id\":\"https:\/\/www.alcediag-alcen.com\/fr\/#website\"},\"primaryImageOfPage\":{\"@id\":\"https:\/\/www.alcediag-alcen.com\/fr\/a-propos-dalcediag\/recompenses-certifications\/#primaryimage\"},\"image\":{\"@id\":\"https:\/\/www.alcediag-alcen.com\/fr\/a-propos-dalcediag\/recompenses-certifications\/#primaryimage\"},\"thumbnailUrl\":\"https:\/\/www.alcediag-alcen.com\/wp-content\/uploads\/2024\/01\/pexels-nataliya-vaitkevich-6532373.webp\",\"datePublished\":\"2023-12-05T14:27:51+00:00\",\"dateModified\":\"2024-07-10T12:25:55+00:00\",\"description\":\"D\u00e9couvrez quelques-unes des principales r\u00e9alisations d'Alcediag et la reconnaissance de ses pairs\",\"breadcrumb\":{\"@id\":\"https:\/\/www.alcediag-alcen.com\/fr\/a-propos-dalcediag\/recompenses-certifications\/#breadcrumb\"},\"inLanguage\":\"fr-FR\",\"potentialAction\":[{\"@type\":\"ReadAction\",\"target\":[\"https:\/\/www.alcediag-alcen.com\/fr\/a-propos-dalcediag\/recompenses-certifications\/\"]}]},{\"@type\":\"ImageObject\",\"inLanguage\":\"fr-FR\",\"@id\":\"https:\/\/www.alcediag-alcen.com\/fr\/a-propos-dalcediag\/recompenses-certifications\/#primaryimage\",\"url\":\"https:\/\/www.alcediag-alcen.com\/wp-content\/uploads\/2024\/01\/pexels-nataliya-vaitkevich-6532373.webp\",\"contentUrl\":\"https:\/\/www.alcediag-alcen.com\/wp-content\/uploads\/2024\/01\/pexels-nataliya-vaitkevich-6532373.webp\",\"width\":2500,\"height\":1667},{\"@type\":\"BreadcrumbList\",\"@id\":\"https:\/\/www.alcediag-alcen.com\/fr\/a-propos-dalcediag\/recompenses-certifications\/#breadcrumb\",\"itemListElement\":[{\"@type\":\"ListItem\",\"position\":1,\"name\":\"Home\",\"item\":\"https:\/\/www.alcediag-alcen.com\/fr\/\"},{\"@type\":\"ListItem\",\"position\":2,\"name\":\"\u00c0 propos d&#8217;ALCEDIAG\",\"item\":\"https:\/\/www.alcediag-alcen.com\/fr\/a-propos-dalcediag\/\"},{\"@type\":\"ListItem\",\"position\":3,\"name\":\"R\u00e9compenses &amp; certifications\"}]},{\"@type\":\"WebSite\",\"@id\":\"https:\/\/www.alcediag-alcen.com\/fr\/#website\",\"url\":\"https:\/\/www.alcediag-alcen.com\/fr\/\",\"name\":\"ALCEDIAG, biomarkers for better health\",\"description\":\"biomarkers for better health\",\"publisher\":{\"@id\":\"https:\/\/www.alcediag-alcen.com\/fr\/#organization\"},\"potentialAction\":[{\"@type\":\"SearchAction\",\"target\":{\"@type\":\"EntryPoint\",\"urlTemplate\":\"https:\/\/www.alcediag-alcen.com\/fr\/?s={search_term_string}\"},\"query-input\":{\"@type\":\"PropertyValueSpecification\",\"valueRequired\":true,\"valueName\":\"search_term_string\"}}],\"inLanguage\":\"fr-FR\"},{\"@type\":\"Organization\",\"@id\":\"https:\/\/www.alcediag-alcen.com\/fr\/#organization\",\"name\":\"ALCEDIAG\",\"alternateName\":\"ALCEDIAG, biomarkers for better health\",\"url\":\"https:\/\/www.alcediag-alcen.com\/fr\/\",\"logo\":{\"@type\":\"ImageObject\",\"inLanguage\":\"fr-FR\",\"@id\":\"https:\/\/www.alcediag-alcen.com\/fr\/#\/schema\/logo\/image\/\",\"url\":\"https:\/\/www.alcediag-alcen.com\/wp-content\/uploads\/2024\/04\/ALCEDIAG-AforHEALTH.png\",\"contentUrl\":\"https:\/\/www.alcediag-alcen.com\/wp-content\/uploads\/2024\/04\/ALCEDIAG-AforHEALTH.png\",\"width\":1200,\"height\":222,\"caption\":\"ALCEDIAG\"},\"image\":{\"@id\":\"https:\/\/www.alcediag-alcen.com\/fr\/#\/schema\/logo\/image\/\"},\"sameAs\":[\"https:\/\/www.linkedin.com\/company\/alcediag\/\"]}]}<\/script>\n<!-- \/ Yoast SEO plugin. -->","yoast_head_json":{"title":"R\u00e9compenses &amp; certifications | ALCEDIAG","description":"D\u00e9couvrez quelques-unes des principales r\u00e9alisations d'Alcediag et la reconnaissance de ses pairs","robots":{"index":"index","follow":"follow","max-snippet":"max-snippet:-1","max-image-preview":"max-image-preview:large","max-video-preview":"max-video-preview:-1"},"canonical":"https:\/\/www.alcediag-alcen.com\/fr\/a-propos-dalcediag\/recompenses-certifications\/","og_locale":"fr_FR","og_type":"article","og_title":"ALCEDIAG, entreprise r\u00e9compens\u00e9e","og_description":"D\u00e9couvrez quelques-unes des principales r\u00e9alisations d'ALCEDIAG et la reconnaissance de ses pairs","og_url":"https:\/\/www.alcediag-alcen.com\/fr\/a-propos-dalcediag\/recompenses-certifications\/","og_site_name":"ALCEDIAG","article_modified_time":"2024-07-10T12:25:55+00:00","og_image":[{"url":"https:\/\/www.alcediag-alcen.com\/wp-content\/uploads\/2024\/04\/grand-prix-check-up-sante-1024x683.jpg","type":"","width":"","height":""}],"twitter_card":"summary_large_image","twitter_misc":{"Dur\u00e9e de lecture estim\u00e9e":"1 minute"},"schema":{"@context":"https:\/\/schema.org","@graph":[{"@type":"WebPage","@id":"https:\/\/www.alcediag-alcen.com\/fr\/a-propos-dalcediag\/recompenses-certifications\/","url":"https:\/\/www.alcediag-alcen.com\/fr\/a-propos-dalcediag\/recompenses-certifications\/","name":"R\u00e9compenses &amp; certifications | ALCEDIAG","isPartOf":{"@id":"https:\/\/www.alcediag-alcen.com\/fr\/#website"},"primaryImageOfPage":{"@id":"https:\/\/www.alcediag-alcen.com\/fr\/a-propos-dalcediag\/recompenses-certifications\/#primaryimage"},"image":{"@id":"https:\/\/www.alcediag-alcen.com\/fr\/a-propos-dalcediag\/recompenses-certifications\/#primaryimage"},"thumbnailUrl":"https:\/\/www.alcediag-alcen.com\/wp-content\/uploads\/2024\/01\/pexels-nataliya-vaitkevich-6532373.webp","datePublished":"2023-12-05T14:27:51+00:00","dateModified":"2024-07-10T12:25:55+00:00","description":"D\u00e9couvrez quelques-unes des principales r\u00e9alisations d'Alcediag et la reconnaissance de ses pairs","breadcrumb":{"@id":"https:\/\/www.alcediag-alcen.com\/fr\/a-propos-dalcediag\/recompenses-certifications\/#breadcrumb"},"inLanguage":"fr-FR","potentialAction":[{"@type":"ReadAction","target":["https:\/\/www.alcediag-alcen.com\/fr\/a-propos-dalcediag\/recompenses-certifications\/"]}]},{"@type":"ImageObject","inLanguage":"fr-FR","@id":"https:\/\/www.alcediag-alcen.com\/fr\/a-propos-dalcediag\/recompenses-certifications\/#primaryimage","url":"https:\/\/www.alcediag-alcen.com\/wp-content\/uploads\/2024\/01\/pexels-nataliya-vaitkevich-6532373.webp","contentUrl":"https:\/\/www.alcediag-alcen.com\/wp-content\/uploads\/2024\/01\/pexels-nataliya-vaitkevich-6532373.webp","width":2500,"height":1667},{"@type":"BreadcrumbList","@id":"https:\/\/www.alcediag-alcen.com\/fr\/a-propos-dalcediag\/recompenses-certifications\/#breadcrumb","itemListElement":[{"@type":"ListItem","position":1,"name":"Home","item":"https:\/\/www.alcediag-alcen.com\/fr\/"},{"@type":"ListItem","position":2,"name":"\u00c0 propos d&#8217;ALCEDIAG","item":"https:\/\/www.alcediag-alcen.com\/fr\/a-propos-dalcediag\/"},{"@type":"ListItem","position":3,"name":"R\u00e9compenses &amp; certifications"}]},{"@type":"WebSite","@id":"https:\/\/www.alcediag-alcen.com\/fr\/#website","url":"https:\/\/www.alcediag-alcen.com\/fr\/","name":"ALCEDIAG, biomarkers for better health","description":"biomarkers for better health","publisher":{"@id":"https:\/\/www.alcediag-alcen.com\/fr\/#organization"},"potentialAction":[{"@type":"SearchAction","target":{"@type":"EntryPoint","urlTemplate":"https:\/\/www.alcediag-alcen.com\/fr\/?s={search_term_string}"},"query-input":{"@type":"PropertyValueSpecification","valueRequired":true,"valueName":"search_term_string"}}],"inLanguage":"fr-FR"},{"@type":"Organization","@id":"https:\/\/www.alcediag-alcen.com\/fr\/#organization","name":"ALCEDIAG","alternateName":"ALCEDIAG, biomarkers for better health","url":"https:\/\/www.alcediag-alcen.com\/fr\/","logo":{"@type":"ImageObject","inLanguage":"fr-FR","@id":"https:\/\/www.alcediag-alcen.com\/fr\/#\/schema\/logo\/image\/","url":"https:\/\/www.alcediag-alcen.com\/wp-content\/uploads\/2024\/04\/ALCEDIAG-AforHEALTH.png","contentUrl":"https:\/\/www.alcediag-alcen.com\/wp-content\/uploads\/2024\/04\/ALCEDIAG-AforHEALTH.png","width":1200,"height":222,"caption":"ALCEDIAG"},"image":{"@id":"https:\/\/www.alcediag-alcen.com\/fr\/#\/schema\/logo\/image\/"},"sameAs":["https:\/\/www.linkedin.com\/company\/alcediag\/"]}]}},"_links":{"self":[{"href":"https:\/\/www.alcediag-alcen.com\/fr\/wp-json\/wp\/v2\/pages\/1322","targetHints":{"allow":["GET"]}}],"collection":[{"href":"https:\/\/www.alcediag-alcen.com\/fr\/wp-json\/wp\/v2\/pages"}],"about":[{"href":"https:\/\/www.alcediag-alcen.com\/fr\/wp-json\/wp\/v2\/types\/page"}],"author":[{"embeddable":true,"href":"https:\/\/www.alcediag-alcen.com\/fr\/wp-json\/wp\/v2\/users\/1"}],"replies":[{"embeddable":true,"href":"https:\/\/www.alcediag-alcen.com\/fr\/wp-json\/wp\/v2\/comments?post=1322"}],"version-history":[{"count":7,"href":"https:\/\/www.alcediag-alcen.com\/fr\/wp-json\/wp\/v2\/pages\/1322\/revisions"}],"predecessor-version":[{"id":2155,"href":"https:\/\/www.alcediag-alcen.com\/fr\/wp-json\/wp\/v2\/pages\/1322\/revisions\/2155"}],"up":[{"embeddable":true,"href":"https:\/\/www.alcediag-alcen.com\/fr\/wp-json\/wp\/v2\/pages\/1325"}],"wp:featuredmedia":[{"embeddable":true,"href":"https:\/\/www.alcediag-alcen.com\/fr\/wp-json\/wp\/v2\/media\/1190"}],"wp:attachment":[{"href":"https:\/\/www.alcediag-alcen.com\/fr\/wp-json\/wp\/v2\/media?parent=1322"}],"curies":[{"name":"wp","href":"https:\/\/api.w.org\/{rel}","templated":true}]}}