{"id":1327,"date":"2023-12-05T14:27:27","date_gmt":"2023-12-05T14:27:27","guid":{"rendered":"https:\/\/www.alcediag-alcen.com\/a-propos-dalcediag\/la-societe\/"},"modified":"2024-06-12T15:47:42","modified_gmt":"2024-06-12T15:47:42","slug":"la-societe","status":"publish","type":"page","link":"https:\/\/www.alcediag-alcen.com\/fr\/a-propos-dalcediag\/la-societe\/","title":{"rendered":"La soci\u00e9t\u00e9"},"content":{"rendered":"<p>[et_pb_section admin_label=\u00a0\u00bbsection\u00a0\u00bb]<br \/>\n\t\t\t[et_pb_row admin_label=\u00a0\u00bbrow\u00a0\u00bb]<br \/>\n\t\t\t\t[et_pb_column type=\u00a0\u00bb4_4&Prime;][et_pb_text admin_label=\u00a0\u00bbText\u00a0\u00bb][\/et_pb_text][\/et_pb_column]<br \/>\n\t\t\t[\/et_pb_row]<br \/>\n\t\t[\/et_pb_section]<\/p>\n","protected":false},"excerpt":{"rendered":"","protected":false},"author":1,"featured_media":1246,"parent":1325,"menu_order":0,"comment_status":"closed","ping_status":"closed","template":"","meta":{"_acf_changed":false,"_et_pb_use_builder":"on","_et_pb_old_content":"","_et_gb_content_width":"","footnotes":""},"class_list":["post-1327","page","type-page","status-publish","has-post-thumbnail","hentry"],"acf":[],"yoast_head":"<!-- This site is optimized with the Yoast SEO plugin v27.4 - https:\/\/yoast.com\/product\/yoast-seo-wordpress\/ -->\n<title>La soci\u00e9t\u00e9 Le diagnostic de demain gr\u00e2ce \u00e0 l&#039;ARN et \u00e0 l&#039;IA | ALCEDIAG<\/title>\n<meta name=\"description\" content=\"D\u00e9couvrez ALCEDIAG, une entreprise sp\u00e9cialis\u00e9e dans la psychiatrie de pr\u00e9cision gr\u00e2ce \u00e0 ses solutions de diagnostic innovantes et \u00e0 ses tests sanguins pour la sant\u00e9 mentale.\" \/>\n<meta name=\"robots\" content=\"index, follow, max-snippet:-1, max-image-preview:large, max-video-preview:-1\" \/>\n<link rel=\"canonical\" href=\"https:\/\/www.alcediag-alcen.com\/fr\/a-propos-dalcediag\/la-societe\/\" \/>\n<meta property=\"og:locale\" content=\"fr_FR\" \/>\n<meta property=\"og:type\" content=\"article\" \/>\n<meta property=\"og:title\" content=\"ALCEDIAG | Le diagnostic de demain gr\u00e2ce \u00e0 l&#039;ARN et \u00e0 l&#039;IA\" \/>\n<meta property=\"og:description\" content=\"D\u00e9couvrez ALCEDIAG, une entreprise sp\u00e9cialis\u00e9e dans la psychiatrie de pr\u00e9cision gr\u00e2ce \u00e0 ses ses solutions de diagnostic innovantes et \u00e0 ses tests sanguins pour la sant\u00e9 mentale.\" \/>\n<meta property=\"og:url\" content=\"https:\/\/www.alcediag-alcen.com\/fr\/a-propos-dalcediag\/la-societe\/\" \/>\n<meta property=\"og:site_name\" content=\"ALCEDIAG\" \/>\n<meta property=\"article:modified_time\" content=\"2024-06-12T15:47:42+00:00\" \/>\n<meta property=\"og:image\" content=\"https:\/\/www.alcediag-alcen.com\/wp-content\/uploads\/2024\/04\/ALCEDIAG-laboratory-1024x576.webp\" \/>\n<meta name=\"twitter:card\" content=\"summary_large_image\" \/>\n<meta name=\"twitter:label1\" content=\"Dur\u00e9e de lecture estim\u00e9e\" \/>\n\t<meta name=\"twitter:data1\" content=\"1 minute\" \/>\n<script type=\"application\/ld+json\" class=\"yoast-schema-graph\">{\"@context\":\"https:\\\/\\\/schema.org\",\"@graph\":[{\"@type\":\"WebPage\",\"@id\":\"https:\\\/\\\/www.alcediag-alcen.com\\\/fr\\\/a-propos-dalcediag\\\/la-societe\\\/\",\"url\":\"https:\\\/\\\/www.alcediag-alcen.com\\\/fr\\\/a-propos-dalcediag\\\/la-societe\\\/\",\"name\":\"La soci\u00e9t\u00e9 Le diagnostic de demain gr\u00e2ce \u00e0 l'ARN et \u00e0 l'IA | ALCEDIAG\",\"isPartOf\":{\"@id\":\"https:\\\/\\\/www.alcediag-alcen.com\\\/fr\\\/#website\"},\"primaryImageOfPage\":{\"@id\":\"https:\\\/\\\/www.alcediag-alcen.com\\\/fr\\\/a-propos-dalcediag\\\/la-societe\\\/#primaryimage\"},\"image\":{\"@id\":\"https:\\\/\\\/www.alcediag-alcen.com\\\/fr\\\/a-propos-dalcediag\\\/la-societe\\\/#primaryimage\"},\"thumbnailUrl\":\"https:\\\/\\\/www.alcediag-alcen.com\\\/wp-content\\\/uploads\\\/2024\\\/04\\\/ALCEDIAG-laboratory.webp\",\"datePublished\":\"2023-12-05T14:27:27+00:00\",\"dateModified\":\"2024-06-12T15:47:42+00:00\",\"description\":\"D\u00e9couvrez ALCEDIAG, une entreprise sp\u00e9cialis\u00e9e dans la psychiatrie de pr\u00e9cision gr\u00e2ce \u00e0 ses solutions de diagnostic innovantes et \u00e0 ses tests sanguins pour la sant\u00e9 mentale.\",\"breadcrumb\":{\"@id\":\"https:\\\/\\\/www.alcediag-alcen.com\\\/fr\\\/a-propos-dalcediag\\\/la-societe\\\/#breadcrumb\"},\"inLanguage\":\"fr-FR\",\"potentialAction\":[{\"@type\":\"ReadAction\",\"target\":[\"https:\\\/\\\/www.alcediag-alcen.com\\\/fr\\\/a-propos-dalcediag\\\/la-societe\\\/\"]}]},{\"@type\":\"ImageObject\",\"inLanguage\":\"fr-FR\",\"@id\":\"https:\\\/\\\/www.alcediag-alcen.com\\\/fr\\\/a-propos-dalcediag\\\/la-societe\\\/#primaryimage\",\"url\":\"https:\\\/\\\/www.alcediag-alcen.com\\\/wp-content\\\/uploads\\\/2024\\\/04\\\/ALCEDIAG-laboratory.webp\",\"contentUrl\":\"https:\\\/\\\/www.alcediag-alcen.com\\\/wp-content\\\/uploads\\\/2024\\\/04\\\/ALCEDIAG-laboratory.webp\",\"width\":1920,\"height\":1080,\"caption\":\"ALCEDIAG laboratory\"},{\"@type\":\"BreadcrumbList\",\"@id\":\"https:\\\/\\\/www.alcediag-alcen.com\\\/fr\\\/a-propos-dalcediag\\\/la-societe\\\/#breadcrumb\",\"itemListElement\":[{\"@type\":\"ListItem\",\"position\":1,\"name\":\"Home\",\"item\":\"https:\\\/\\\/www.alcediag-alcen.com\\\/fr\\\/\"},{\"@type\":\"ListItem\",\"position\":2,\"name\":\"\u00c0 propos d&#8217;ALCEDIAG\",\"item\":\"https:\\\/\\\/www.alcediag-alcen.com\\\/fr\\\/a-propos-dalcediag\\\/\"},{\"@type\":\"ListItem\",\"position\":3,\"name\":\"La soci\u00e9t\u00e9\"}]},{\"@type\":\"WebSite\",\"@id\":\"https:\\\/\\\/www.alcediag-alcen.com\\\/fr\\\/#website\",\"url\":\"https:\\\/\\\/www.alcediag-alcen.com\\\/fr\\\/\",\"name\":\"ALCEDIAG, biomarkers for better health\",\"description\":\"biomarkers for better health\",\"publisher\":{\"@id\":\"https:\\\/\\\/www.alcediag-alcen.com\\\/fr\\\/#organization\"},\"potentialAction\":[{\"@type\":\"SearchAction\",\"target\":{\"@type\":\"EntryPoint\",\"urlTemplate\":\"https:\\\/\\\/www.alcediag-alcen.com\\\/fr\\\/?s={search_term_string}\"},\"query-input\":{\"@type\":\"PropertyValueSpecification\",\"valueRequired\":true,\"valueName\":\"search_term_string\"}}],\"inLanguage\":\"fr-FR\"},{\"@type\":\"Organization\",\"@id\":\"https:\\\/\\\/www.alcediag-alcen.com\\\/fr\\\/#organization\",\"name\":\"ALCEDIAG\",\"alternateName\":\"ALCEDIAG, biomarkers for better health\",\"url\":\"https:\\\/\\\/www.alcediag-alcen.com\\\/fr\\\/\",\"logo\":{\"@type\":\"ImageObject\",\"inLanguage\":\"fr-FR\",\"@id\":\"https:\\\/\\\/www.alcediag-alcen.com\\\/fr\\\/#\\\/schema\\\/logo\\\/image\\\/\",\"url\":\"https:\\\/\\\/www.alcediag-alcen.com\\\/wp-content\\\/uploads\\\/2024\\\/04\\\/ALCEDIAG-AforHEALTH.png\",\"contentUrl\":\"https:\\\/\\\/www.alcediag-alcen.com\\\/wp-content\\\/uploads\\\/2024\\\/04\\\/ALCEDIAG-AforHEALTH.png\",\"width\":1200,\"height\":222,\"caption\":\"ALCEDIAG\"},\"image\":{\"@id\":\"https:\\\/\\\/www.alcediag-alcen.com\\\/fr\\\/#\\\/schema\\\/logo\\\/image\\\/\"},\"sameAs\":[\"https:\\\/\\\/www.linkedin.com\\\/company\\\/alcediag\\\/\"]}]}<\/script>\n<!-- \/ Yoast SEO plugin. -->","yoast_head_json":{"title":"La soci\u00e9t\u00e9 Le diagnostic de demain gr\u00e2ce \u00e0 l'ARN et \u00e0 l'IA | ALCEDIAG","description":"D\u00e9couvrez ALCEDIAG, une entreprise sp\u00e9cialis\u00e9e dans la psychiatrie de pr\u00e9cision gr\u00e2ce \u00e0 ses solutions de diagnostic innovantes et \u00e0 ses tests sanguins pour la sant\u00e9 mentale.","robots":{"index":"index","follow":"follow","max-snippet":"max-snippet:-1","max-image-preview":"max-image-preview:large","max-video-preview":"max-video-preview:-1"},"canonical":"https:\/\/www.alcediag-alcen.com\/fr\/a-propos-dalcediag\/la-societe\/","og_locale":"fr_FR","og_type":"article","og_title":"ALCEDIAG | Le diagnostic de demain gr\u00e2ce \u00e0 l'ARN et \u00e0 l'IA","og_description":"D\u00e9couvrez ALCEDIAG, une entreprise sp\u00e9cialis\u00e9e dans la psychiatrie de pr\u00e9cision gr\u00e2ce \u00e0 ses ses solutions de diagnostic innovantes et \u00e0 ses tests sanguins pour la sant\u00e9 mentale.","og_url":"https:\/\/www.alcediag-alcen.com\/fr\/a-propos-dalcediag\/la-societe\/","og_site_name":"ALCEDIAG","article_modified_time":"2024-06-12T15:47:42+00:00","og_image":[{"url":"https:\/\/www.alcediag-alcen.com\/wp-content\/uploads\/2024\/04\/ALCEDIAG-laboratory-1024x576.webp","type":"","width":"","height":""}],"twitter_card":"summary_large_image","twitter_misc":{"Dur\u00e9e de lecture estim\u00e9e":"1 minute"},"schema":{"@context":"https:\/\/schema.org","@graph":[{"@type":"WebPage","@id":"https:\/\/www.alcediag-alcen.com\/fr\/a-propos-dalcediag\/la-societe\/","url":"https:\/\/www.alcediag-alcen.com\/fr\/a-propos-dalcediag\/la-societe\/","name":"La soci\u00e9t\u00e9 Le diagnostic de demain gr\u00e2ce \u00e0 l'ARN et \u00e0 l'IA | ALCEDIAG","isPartOf":{"@id":"https:\/\/www.alcediag-alcen.com\/fr\/#website"},"primaryImageOfPage":{"@id":"https:\/\/www.alcediag-alcen.com\/fr\/a-propos-dalcediag\/la-societe\/#primaryimage"},"image":{"@id":"https:\/\/www.alcediag-alcen.com\/fr\/a-propos-dalcediag\/la-societe\/#primaryimage"},"thumbnailUrl":"https:\/\/www.alcediag-alcen.com\/wp-content\/uploads\/2024\/04\/ALCEDIAG-laboratory.webp","datePublished":"2023-12-05T14:27:27+00:00","dateModified":"2024-06-12T15:47:42+00:00","description":"D\u00e9couvrez ALCEDIAG, une entreprise sp\u00e9cialis\u00e9e dans la psychiatrie de pr\u00e9cision gr\u00e2ce \u00e0 ses solutions de diagnostic innovantes et \u00e0 ses tests sanguins pour la sant\u00e9 mentale.","breadcrumb":{"@id":"https:\/\/www.alcediag-alcen.com\/fr\/a-propos-dalcediag\/la-societe\/#breadcrumb"},"inLanguage":"fr-FR","potentialAction":[{"@type":"ReadAction","target":["https:\/\/www.alcediag-alcen.com\/fr\/a-propos-dalcediag\/la-societe\/"]}]},{"@type":"ImageObject","inLanguage":"fr-FR","@id":"https:\/\/www.alcediag-alcen.com\/fr\/a-propos-dalcediag\/la-societe\/#primaryimage","url":"https:\/\/www.alcediag-alcen.com\/wp-content\/uploads\/2024\/04\/ALCEDIAG-laboratory.webp","contentUrl":"https:\/\/www.alcediag-alcen.com\/wp-content\/uploads\/2024\/04\/ALCEDIAG-laboratory.webp","width":1920,"height":1080,"caption":"ALCEDIAG laboratory"},{"@type":"BreadcrumbList","@id":"https:\/\/www.alcediag-alcen.com\/fr\/a-propos-dalcediag\/la-societe\/#breadcrumb","itemListElement":[{"@type":"ListItem","position":1,"name":"Home","item":"https:\/\/www.alcediag-alcen.com\/fr\/"},{"@type":"ListItem","position":2,"name":"\u00c0 propos d&#8217;ALCEDIAG","item":"https:\/\/www.alcediag-alcen.com\/fr\/a-propos-dalcediag\/"},{"@type":"ListItem","position":3,"name":"La soci\u00e9t\u00e9"}]},{"@type":"WebSite","@id":"https:\/\/www.alcediag-alcen.com\/fr\/#website","url":"https:\/\/www.alcediag-alcen.com\/fr\/","name":"ALCEDIAG, biomarkers for better health","description":"biomarkers for better health","publisher":{"@id":"https:\/\/www.alcediag-alcen.com\/fr\/#organization"},"potentialAction":[{"@type":"SearchAction","target":{"@type":"EntryPoint","urlTemplate":"https:\/\/www.alcediag-alcen.com\/fr\/?s={search_term_string}"},"query-input":{"@type":"PropertyValueSpecification","valueRequired":true,"valueName":"search_term_string"}}],"inLanguage":"fr-FR"},{"@type":"Organization","@id":"https:\/\/www.alcediag-alcen.com\/fr\/#organization","name":"ALCEDIAG","alternateName":"ALCEDIAG, biomarkers for better health","url":"https:\/\/www.alcediag-alcen.com\/fr\/","logo":{"@type":"ImageObject","inLanguage":"fr-FR","@id":"https:\/\/www.alcediag-alcen.com\/fr\/#\/schema\/logo\/image\/","url":"https:\/\/www.alcediag-alcen.com\/wp-content\/uploads\/2024\/04\/ALCEDIAG-AforHEALTH.png","contentUrl":"https:\/\/www.alcediag-alcen.com\/wp-content\/uploads\/2024\/04\/ALCEDIAG-AforHEALTH.png","width":1200,"height":222,"caption":"ALCEDIAG"},"image":{"@id":"https:\/\/www.alcediag-alcen.com\/fr\/#\/schema\/logo\/image\/"},"sameAs":["https:\/\/www.linkedin.com\/company\/alcediag\/"]}]}},"_links":{"self":[{"href":"https:\/\/www.alcediag-alcen.com\/fr\/wp-json\/wp\/v2\/pages\/1327","targetHints":{"allow":["GET"]}}],"collection":[{"href":"https:\/\/www.alcediag-alcen.com\/fr\/wp-json\/wp\/v2\/pages"}],"about":[{"href":"https:\/\/www.alcediag-alcen.com\/fr\/wp-json\/wp\/v2\/types\/page"}],"author":[{"embeddable":true,"href":"https:\/\/www.alcediag-alcen.com\/fr\/wp-json\/wp\/v2\/users\/1"}],"replies":[{"embeddable":true,"href":"https:\/\/www.alcediag-alcen.com\/fr\/wp-json\/wp\/v2\/comments?post=1327"}],"version-history":[{"count":6,"href":"https:\/\/www.alcediag-alcen.com\/fr\/wp-json\/wp\/v2\/pages\/1327\/revisions"}],"predecessor-version":[{"id":1722,"href":"https:\/\/www.alcediag-alcen.com\/fr\/wp-json\/wp\/v2\/pages\/1327\/revisions\/1722"}],"up":[{"embeddable":true,"href":"https:\/\/www.alcediag-alcen.com\/fr\/wp-json\/wp\/v2\/pages\/1325"}],"wp:featuredmedia":[{"embeddable":true,"href":"https:\/\/www.alcediag-alcen.com\/fr\/wp-json\/wp\/v2\/media\/1246"}],"wp:attachment":[{"href":"https:\/\/www.alcediag-alcen.com\/fr\/wp-json\/wp\/v2\/media?parent=1327"}],"curies":[{"name":"wp","href":"https:\/\/api.w.org\/{rel}","templated":true}]}}