{"id":1330,"date":"2023-12-05T14:29:33","date_gmt":"2023-12-05T14:29:33","guid":{"rendered":"https:\/\/www.alcediag-alcen.com\/science-technologie\/science\/"},"modified":"2024-05-16T09:13:29","modified_gmt":"2024-05-16T09:13:29","slug":"science","status":"publish","type":"page","link":"https:\/\/www.alcediag-alcen.com\/fr\/science-technologie\/science\/","title":{"rendered":"Science"},"content":{"rendered":"<p>[et_pb_section admin_label=\u00a0\u00bbsection\u00a0\u00bb]<br \/>\n\t\t\t[et_pb_row admin_label=\u00a0\u00bbrow\u00a0\u00bb]<br \/>\n\t\t\t\t[et_pb_column type=\u00a0\u00bb4_4&Prime;][et_pb_text admin_label=\u00a0\u00bbText\u00a0\u00bb][\/et_pb_text][\/et_pb_column]<br \/>\n\t\t\t[\/et_pb_row]<br \/>\n\t\t[\/et_pb_section]<\/p>\n","protected":false},"excerpt":{"rendered":"","protected":false},"author":1,"featured_media":1167,"parent":1329,"menu_order":0,"comment_status":"closed","ping_status":"closed","template":"","meta":{"_acf_changed":false,"_et_pb_use_builder":"on","_et_pb_old_content":"","_et_gb_content_width":"","footnotes":""},"class_list":["post-1330","page","type-page","status-publish","has-post-thumbnail","hentry"],"acf":[],"yoast_head":"<!-- This site is optimized with the Yoast SEO plugin v27.2 - https:\/\/yoast.com\/product\/yoast-seo-wordpress\/ -->\n<title>Science, ARN : Quand l&#039;innovation rencontre la m\u00e9decine de pr\u00e9cision | ALCEDIAG<\/title>\n<meta name=\"description\" content=\"En savoir plus sur la science qui sous-tend les innovations d&#039;ALCEDIAG, notamment l&#039;\u00e9pig\u00e9n\u00e9tique (\u00e9dition de l&#039;ARN), les neurosciences et l&#039;intelligence artificielle.\" \/>\n<meta name=\"robots\" content=\"index, follow, max-snippet:-1, max-image-preview:large, max-video-preview:-1\" \/>\n<link rel=\"canonical\" href=\"https:\/\/www.alcediag-alcen.com\/fr\/science-technologie\/science\/\" \/>\n<meta property=\"og:locale\" content=\"fr_FR\" \/>\n<meta property=\"og:type\" content=\"article\" \/>\n<meta property=\"og:title\" content=\"ALCEDIAG Science | ARN : Quand l&#039;innovation rencontre la m\u00e9decine de pr\u00e9cision\" \/>\n<meta property=\"og:description\" content=\"En savoir plus sur la science qui sous-tend les innovations d&#039;ALCEDIAG, notamment l&#039;\u00e9pig\u00e9n\u00e9tique (\u00e9dition de l&#039;ARN), les neurosciences et l&#039;intelligence artificielle.\" \/>\n<meta property=\"og:url\" content=\"https:\/\/www.alcediag-alcen.com\/fr\/science-technologie\/science\/\" \/>\n<meta property=\"og:site_name\" content=\"ALCEDIAG\" \/>\n<meta property=\"article:modified_time\" content=\"2024-05-16T09:13:29+00:00\" \/>\n<meta property=\"og:image\" content=\"https:\/\/www.alcediag-alcen.com\/wp-content\/uploads\/2023\/12\/RNA-ALCEDIAG-1024x683.webp\" \/>\n<meta name=\"twitter:card\" content=\"summary_large_image\" \/>\n<script type=\"application\/ld+json\" class=\"yoast-schema-graph\">{\"@context\":\"https:\/\/schema.org\",\"@graph\":[{\"@type\":\"WebPage\",\"@id\":\"https:\/\/www.alcediag-alcen.com\/fr\/science-technologie\/science\/\",\"url\":\"https:\/\/www.alcediag-alcen.com\/fr\/science-technologie\/science\/\",\"name\":\"Science, ARN : Quand l'innovation rencontre la m\u00e9decine de pr\u00e9cision | ALCEDIAG\",\"isPartOf\":{\"@id\":\"https:\/\/www.alcediag-alcen.com\/fr\/#website\"},\"primaryImageOfPage\":{\"@id\":\"https:\/\/www.alcediag-alcen.com\/fr\/science-technologie\/science\/#primaryimage\"},\"image\":{\"@id\":\"https:\/\/www.alcediag-alcen.com\/fr\/science-technologie\/science\/#primaryimage\"},\"thumbnailUrl\":\"https:\/\/www.alcediag-alcen.com\/wp-content\/uploads\/2023\/12\/RNA-ALCEDIAG-1.webp\",\"datePublished\":\"2023-12-05T14:29:33+00:00\",\"dateModified\":\"2024-05-16T09:13:29+00:00\",\"description\":\"En savoir plus sur la science qui sous-tend les innovations d'ALCEDIAG, notamment l'\u00e9pig\u00e9n\u00e9tique (\u00e9dition de l'ARN), les neurosciences et l'intelligence artificielle.\",\"breadcrumb\":{\"@id\":\"https:\/\/www.alcediag-alcen.com\/fr\/science-technologie\/science\/#breadcrumb\"},\"inLanguage\":\"fr-FR\",\"potentialAction\":[{\"@type\":\"ReadAction\",\"target\":[\"https:\/\/www.alcediag-alcen.com\/fr\/science-technologie\/science\/\"]}]},{\"@type\":\"ImageObject\",\"inLanguage\":\"fr-FR\",\"@id\":\"https:\/\/www.alcediag-alcen.com\/fr\/science-technologie\/science\/#primaryimage\",\"url\":\"https:\/\/www.alcediag-alcen.com\/wp-content\/uploads\/2023\/12\/RNA-ALCEDIAG-1.webp\",\"contentUrl\":\"https:\/\/www.alcediag-alcen.com\/wp-content\/uploads\/2023\/12\/RNA-ALCEDIAG-1.webp\",\"width\":2500,\"height\":1667},{\"@type\":\"BreadcrumbList\",\"@id\":\"https:\/\/www.alcediag-alcen.com\/fr\/science-technologie\/science\/#breadcrumb\",\"itemListElement\":[{\"@type\":\"ListItem\",\"position\":1,\"name\":\"Home\",\"item\":\"https:\/\/www.alcediag-alcen.com\/fr\/\"},{\"@type\":\"ListItem\",\"position\":2,\"name\":\"Science &amp; Technologie\",\"item\":\"https:\/\/www.alcediag-alcen.com\/fr\/science-technologie\/\"},{\"@type\":\"ListItem\",\"position\":3,\"name\":\"Science\"}]},{\"@type\":\"WebSite\",\"@id\":\"https:\/\/www.alcediag-alcen.com\/fr\/#website\",\"url\":\"https:\/\/www.alcediag-alcen.com\/fr\/\",\"name\":\"ALCEDIAG, biomarkers for better health\",\"description\":\"biomarkers for better health\",\"publisher\":{\"@id\":\"https:\/\/www.alcediag-alcen.com\/fr\/#organization\"},\"potentialAction\":[{\"@type\":\"SearchAction\",\"target\":{\"@type\":\"EntryPoint\",\"urlTemplate\":\"https:\/\/www.alcediag-alcen.com\/fr\/?s={search_term_string}\"},\"query-input\":{\"@type\":\"PropertyValueSpecification\",\"valueRequired\":true,\"valueName\":\"search_term_string\"}}],\"inLanguage\":\"fr-FR\"},{\"@type\":\"Organization\",\"@id\":\"https:\/\/www.alcediag-alcen.com\/fr\/#organization\",\"name\":\"ALCEDIAG\",\"alternateName\":\"ALCEDIAG, biomarkers for better health\",\"url\":\"https:\/\/www.alcediag-alcen.com\/fr\/\",\"logo\":{\"@type\":\"ImageObject\",\"inLanguage\":\"fr-FR\",\"@id\":\"https:\/\/www.alcediag-alcen.com\/fr\/#\/schema\/logo\/image\/\",\"url\":\"https:\/\/www.alcediag-alcen.com\/wp-content\/uploads\/2024\/04\/ALCEDIAG-AforHEALTH.png\",\"contentUrl\":\"https:\/\/www.alcediag-alcen.com\/wp-content\/uploads\/2024\/04\/ALCEDIAG-AforHEALTH.png\",\"width\":1200,\"height\":222,\"caption\":\"ALCEDIAG\"},\"image\":{\"@id\":\"https:\/\/www.alcediag-alcen.com\/fr\/#\/schema\/logo\/image\/\"},\"sameAs\":[\"https:\/\/www.linkedin.com\/company\/alcediag\/\"]}]}<\/script>\n<!-- \/ Yoast SEO plugin. -->","yoast_head_json":{"title":"Science, ARN : Quand l'innovation rencontre la m\u00e9decine de pr\u00e9cision | ALCEDIAG","description":"En savoir plus sur la science qui sous-tend les innovations d'ALCEDIAG, notamment l'\u00e9pig\u00e9n\u00e9tique (\u00e9dition de l'ARN), les neurosciences et l'intelligence artificielle.","robots":{"index":"index","follow":"follow","max-snippet":"max-snippet:-1","max-image-preview":"max-image-preview:large","max-video-preview":"max-video-preview:-1"},"canonical":"https:\/\/www.alcediag-alcen.com\/fr\/science-technologie\/science\/","og_locale":"fr_FR","og_type":"article","og_title":"ALCEDIAG Science | ARN : Quand l'innovation rencontre la m\u00e9decine de pr\u00e9cision","og_description":"En savoir plus sur la science qui sous-tend les innovations d'ALCEDIAG, notamment l'\u00e9pig\u00e9n\u00e9tique (\u00e9dition de l'ARN), les neurosciences et l'intelligence artificielle.","og_url":"https:\/\/www.alcediag-alcen.com\/fr\/science-technologie\/science\/","og_site_name":"ALCEDIAG","article_modified_time":"2024-05-16T09:13:29+00:00","og_image":[{"url":"https:\/\/www.alcediag-alcen.com\/wp-content\/uploads\/2023\/12\/RNA-ALCEDIAG-1024x683.webp","type":"","width":"","height":""}],"twitter_card":"summary_large_image","schema":{"@context":"https:\/\/schema.org","@graph":[{"@type":"WebPage","@id":"https:\/\/www.alcediag-alcen.com\/fr\/science-technologie\/science\/","url":"https:\/\/www.alcediag-alcen.com\/fr\/science-technologie\/science\/","name":"Science, ARN : Quand l'innovation rencontre la m\u00e9decine de pr\u00e9cision | ALCEDIAG","isPartOf":{"@id":"https:\/\/www.alcediag-alcen.com\/fr\/#website"},"primaryImageOfPage":{"@id":"https:\/\/www.alcediag-alcen.com\/fr\/science-technologie\/science\/#primaryimage"},"image":{"@id":"https:\/\/www.alcediag-alcen.com\/fr\/science-technologie\/science\/#primaryimage"},"thumbnailUrl":"https:\/\/www.alcediag-alcen.com\/wp-content\/uploads\/2023\/12\/RNA-ALCEDIAG-1.webp","datePublished":"2023-12-05T14:29:33+00:00","dateModified":"2024-05-16T09:13:29+00:00","description":"En savoir plus sur la science qui sous-tend les innovations d'ALCEDIAG, notamment l'\u00e9pig\u00e9n\u00e9tique (\u00e9dition de l'ARN), les neurosciences et l'intelligence artificielle.","breadcrumb":{"@id":"https:\/\/www.alcediag-alcen.com\/fr\/science-technologie\/science\/#breadcrumb"},"inLanguage":"fr-FR","potentialAction":[{"@type":"ReadAction","target":["https:\/\/www.alcediag-alcen.com\/fr\/science-technologie\/science\/"]}]},{"@type":"ImageObject","inLanguage":"fr-FR","@id":"https:\/\/www.alcediag-alcen.com\/fr\/science-technologie\/science\/#primaryimage","url":"https:\/\/www.alcediag-alcen.com\/wp-content\/uploads\/2023\/12\/RNA-ALCEDIAG-1.webp","contentUrl":"https:\/\/www.alcediag-alcen.com\/wp-content\/uploads\/2023\/12\/RNA-ALCEDIAG-1.webp","width":2500,"height":1667},{"@type":"BreadcrumbList","@id":"https:\/\/www.alcediag-alcen.com\/fr\/science-technologie\/science\/#breadcrumb","itemListElement":[{"@type":"ListItem","position":1,"name":"Home","item":"https:\/\/www.alcediag-alcen.com\/fr\/"},{"@type":"ListItem","position":2,"name":"Science &amp; Technologie","item":"https:\/\/www.alcediag-alcen.com\/fr\/science-technologie\/"},{"@type":"ListItem","position":3,"name":"Science"}]},{"@type":"WebSite","@id":"https:\/\/www.alcediag-alcen.com\/fr\/#website","url":"https:\/\/www.alcediag-alcen.com\/fr\/","name":"ALCEDIAG, biomarkers for better health","description":"biomarkers for better health","publisher":{"@id":"https:\/\/www.alcediag-alcen.com\/fr\/#organization"},"potentialAction":[{"@type":"SearchAction","target":{"@type":"EntryPoint","urlTemplate":"https:\/\/www.alcediag-alcen.com\/fr\/?s={search_term_string}"},"query-input":{"@type":"PropertyValueSpecification","valueRequired":true,"valueName":"search_term_string"}}],"inLanguage":"fr-FR"},{"@type":"Organization","@id":"https:\/\/www.alcediag-alcen.com\/fr\/#organization","name":"ALCEDIAG","alternateName":"ALCEDIAG, biomarkers for better health","url":"https:\/\/www.alcediag-alcen.com\/fr\/","logo":{"@type":"ImageObject","inLanguage":"fr-FR","@id":"https:\/\/www.alcediag-alcen.com\/fr\/#\/schema\/logo\/image\/","url":"https:\/\/www.alcediag-alcen.com\/wp-content\/uploads\/2024\/04\/ALCEDIAG-AforHEALTH.png","contentUrl":"https:\/\/www.alcediag-alcen.com\/wp-content\/uploads\/2024\/04\/ALCEDIAG-AforHEALTH.png","width":1200,"height":222,"caption":"ALCEDIAG"},"image":{"@id":"https:\/\/www.alcediag-alcen.com\/fr\/#\/schema\/logo\/image\/"},"sameAs":["https:\/\/www.linkedin.com\/company\/alcediag\/"]}]}},"_links":{"self":[{"href":"https:\/\/www.alcediag-alcen.com\/fr\/wp-json\/wp\/v2\/pages\/1330","targetHints":{"allow":["GET"]}}],"collection":[{"href":"https:\/\/www.alcediag-alcen.com\/fr\/wp-json\/wp\/v2\/pages"}],"about":[{"href":"https:\/\/www.alcediag-alcen.com\/fr\/wp-json\/wp\/v2\/types\/page"}],"author":[{"embeddable":true,"href":"https:\/\/www.alcediag-alcen.com\/fr\/wp-json\/wp\/v2\/users\/1"}],"replies":[{"embeddable":true,"href":"https:\/\/www.alcediag-alcen.com\/fr\/wp-json\/wp\/v2\/comments?post=1330"}],"version-history":[{"count":2,"href":"https:\/\/www.alcediag-alcen.com\/fr\/wp-json\/wp\/v2\/pages\/1330\/revisions"}],"predecessor-version":[{"id":1603,"href":"https:\/\/www.alcediag-alcen.com\/fr\/wp-json\/wp\/v2\/pages\/1330\/revisions\/1603"}],"up":[{"embeddable":true,"href":"https:\/\/www.alcediag-alcen.com\/fr\/wp-json\/wp\/v2\/pages\/1329"}],"wp:featuredmedia":[{"embeddable":true,"href":"https:\/\/www.alcediag-alcen.com\/fr\/wp-json\/wp\/v2\/media\/1167"}],"wp:attachment":[{"href":"https:\/\/www.alcediag-alcen.com\/fr\/wp-json\/wp\/v2\/media?parent=1330"}],"curies":[{"name":"wp","href":"https:\/\/api.w.org\/{rel}","templated":true}]}}