{"id":1337,"date":"2023-12-05T14:29:55","date_gmt":"2023-12-05T14:29:55","guid":{"rendered":"https:\/\/www.alcediag-alcen.com\/science-technologie\/plateforme-editech\/"},"modified":"2024-05-16T09:14:11","modified_gmt":"2024-05-16T09:14:11","slug":"plateforme-editech","status":"publish","type":"page","link":"https:\/\/www.alcediag-alcen.com\/fr\/science-technologie\/plateforme-editech\/","title":{"rendered":"Plateforme EDITECH<sup>\u00ae<\/sup>"},"content":{"rendered":"","protected":false},"excerpt":{"rendered":"","protected":false},"author":1,"featured_media":1197,"parent":1329,"menu_order":1,"comment_status":"closed","ping_status":"closed","template":"","meta":{"_acf_changed":false,"_et_pb_use_builder":"on","_et_pb_old_content":"","_et_gb_content_width":"","footnotes":""},"class_list":["post-1337","page","type-page","status-publish","has-post-thumbnail","hentry"],"acf":[],"yoast_head":"<!-- This site is optimized with the Yoast SEO plugin v27.2 - https:\/\/yoast.com\/product\/yoast-seo-wordpress\/ -->\n<title>Plateforme EDITECH\u00ae, Pionnier de l&#039;innovation interdisciplinaire | ALCEDIAG<\/title>\n<meta name=\"description\" content=\"En savoir plus sur EDITECH, la plateforme int\u00e9gr\u00e9e d&#039;ALCEDIAG qui englobe la biologie mol\u00e9culaire, la bioinformatique et les biostatistiques.\" \/>\n<meta name=\"robots\" content=\"index, follow, max-snippet:-1, max-image-preview:large, max-video-preview:-1\" \/>\n<link rel=\"canonical\" href=\"https:\/\/www.alcediag-alcen.com\/fr\/science-technologie\/plateforme-editech\/\" \/>\n<meta property=\"og:locale\" content=\"fr_FR\" \/>\n<meta property=\"og:type\" content=\"article\" \/>\n<meta property=\"og:title\" content=\"Plate-forme ALCEDIAG : biologie mol\u00e9culaire, bioinformatique et biostatistique\" \/>\n<meta property=\"og:description\" content=\"En savoir plus sur EDITECH, la plateforme int\u00e9gr\u00e9e d&#039;ALCEDIAG qui englobe la biologie mol\u00e9culaire, la bioinformatique et les biostatistiques.\" \/>\n<meta property=\"og:url\" content=\"https:\/\/www.alcediag-alcen.com\/fr\/science-technologie\/plateforme-editech\/\" \/>\n<meta property=\"og:site_name\" content=\"ALCEDIAG\" \/>\n<meta property=\"article:modified_time\" content=\"2024-05-16T09:14:11+00:00\" \/>\n<meta property=\"og:image\" content=\"https:\/\/www.alcediag-alcen.com\/wp-content\/uploads\/2024\/01\/ALCEDIAG-brain-1024x551.webp\" \/>\n<meta name=\"twitter:card\" content=\"summary_large_image\" \/>\n<script type=\"application\/ld+json\" class=\"yoast-schema-graph\">{\"@context\":\"https:\/\/schema.org\",\"@graph\":[{\"@type\":\"WebPage\",\"@id\":\"https:\/\/www.alcediag-alcen.com\/fr\/science-technologie\/plateforme-editech\/\",\"url\":\"https:\/\/www.alcediag-alcen.com\/fr\/science-technologie\/plateforme-editech\/\",\"name\":\"Plateforme EDITECH\u00ae, Pionnier de l'innovation interdisciplinaire | ALCEDIAG\",\"isPartOf\":{\"@id\":\"https:\/\/www.alcediag-alcen.com\/fr\/#website\"},\"primaryImageOfPage\":{\"@id\":\"https:\/\/www.alcediag-alcen.com\/fr\/science-technologie\/plateforme-editech\/#primaryimage\"},\"image\":{\"@id\":\"https:\/\/www.alcediag-alcen.com\/fr\/science-technologie\/plateforme-editech\/#primaryimage\"},\"thumbnailUrl\":\"https:\/\/www.alcediag-alcen.com\/wp-content\/uploads\/2024\/01\/ALCEDIAG-brain.webp\",\"datePublished\":\"2023-12-05T14:29:55+00:00\",\"dateModified\":\"2024-05-16T09:14:11+00:00\",\"description\":\"En savoir plus sur EDITECH, la plateforme int\u00e9gr\u00e9e d'ALCEDIAG qui englobe la biologie mol\u00e9culaire, la bioinformatique et les biostatistiques.\",\"breadcrumb\":{\"@id\":\"https:\/\/www.alcediag-alcen.com\/fr\/science-technologie\/plateforme-editech\/#breadcrumb\"},\"inLanguage\":\"fr-FR\",\"potentialAction\":[{\"@type\":\"ReadAction\",\"target\":[\"https:\/\/www.alcediag-alcen.com\/fr\/science-technologie\/plateforme-editech\/\"]}]},{\"@type\":\"ImageObject\",\"inLanguage\":\"fr-FR\",\"@id\":\"https:\/\/www.alcediag-alcen.com\/fr\/science-technologie\/plateforme-editech\/#primaryimage\",\"url\":\"https:\/\/www.alcediag-alcen.com\/wp-content\/uploads\/2024\/01\/ALCEDIAG-brain.webp\",\"contentUrl\":\"https:\/\/www.alcediag-alcen.com\/wp-content\/uploads\/2024\/01\/ALCEDIAG-brain.webp\",\"width\":2500,\"height\":1345,\"caption\":\"ALCEDIAG EDITECH platform\"},{\"@type\":\"BreadcrumbList\",\"@id\":\"https:\/\/www.alcediag-alcen.com\/fr\/science-technologie\/plateforme-editech\/#breadcrumb\",\"itemListElement\":[{\"@type\":\"ListItem\",\"position\":1,\"name\":\"Home\",\"item\":\"https:\/\/www.alcediag-alcen.com\/fr\/\"},{\"@type\":\"ListItem\",\"position\":2,\"name\":\"Science &amp; Technologie\",\"item\":\"https:\/\/www.alcediag-alcen.com\/fr\/science-technologie\/\"},{\"@type\":\"ListItem\",\"position\":3,\"name\":\"Plateforme EDITECH\u00ae\"}]},{\"@type\":\"WebSite\",\"@id\":\"https:\/\/www.alcediag-alcen.com\/fr\/#website\",\"url\":\"https:\/\/www.alcediag-alcen.com\/fr\/\",\"name\":\"ALCEDIAG, biomarkers for better health\",\"description\":\"biomarkers for better health\",\"publisher\":{\"@id\":\"https:\/\/www.alcediag-alcen.com\/fr\/#organization\"},\"potentialAction\":[{\"@type\":\"SearchAction\",\"target\":{\"@type\":\"EntryPoint\",\"urlTemplate\":\"https:\/\/www.alcediag-alcen.com\/fr\/?s={search_term_string}\"},\"query-input\":{\"@type\":\"PropertyValueSpecification\",\"valueRequired\":true,\"valueName\":\"search_term_string\"}}],\"inLanguage\":\"fr-FR\"},{\"@type\":\"Organization\",\"@id\":\"https:\/\/www.alcediag-alcen.com\/fr\/#organization\",\"name\":\"ALCEDIAG\",\"alternateName\":\"ALCEDIAG, biomarkers for better health\",\"url\":\"https:\/\/www.alcediag-alcen.com\/fr\/\",\"logo\":{\"@type\":\"ImageObject\",\"inLanguage\":\"fr-FR\",\"@id\":\"https:\/\/www.alcediag-alcen.com\/fr\/#\/schema\/logo\/image\/\",\"url\":\"https:\/\/www.alcediag-alcen.com\/wp-content\/uploads\/2024\/04\/ALCEDIAG-AforHEALTH.png\",\"contentUrl\":\"https:\/\/www.alcediag-alcen.com\/wp-content\/uploads\/2024\/04\/ALCEDIAG-AforHEALTH.png\",\"width\":1200,\"height\":222,\"caption\":\"ALCEDIAG\"},\"image\":{\"@id\":\"https:\/\/www.alcediag-alcen.com\/fr\/#\/schema\/logo\/image\/\"},\"sameAs\":[\"https:\/\/www.linkedin.com\/company\/alcediag\/\"]}]}<\/script>\n<!-- \/ Yoast SEO plugin. -->","yoast_head_json":{"title":"Plateforme EDITECH\u00ae, Pionnier de l'innovation interdisciplinaire | ALCEDIAG","description":"En savoir plus sur EDITECH, la plateforme int\u00e9gr\u00e9e d'ALCEDIAG qui englobe la biologie mol\u00e9culaire, la bioinformatique et les biostatistiques.","robots":{"index":"index","follow":"follow","max-snippet":"max-snippet:-1","max-image-preview":"max-image-preview:large","max-video-preview":"max-video-preview:-1"},"canonical":"https:\/\/www.alcediag-alcen.com\/fr\/science-technologie\/plateforme-editech\/","og_locale":"fr_FR","og_type":"article","og_title":"Plate-forme ALCEDIAG : biologie mol\u00e9culaire, bioinformatique et biostatistique","og_description":"En savoir plus sur EDITECH, la plateforme int\u00e9gr\u00e9e d'ALCEDIAG qui englobe la biologie mol\u00e9culaire, la bioinformatique et les biostatistiques.","og_url":"https:\/\/www.alcediag-alcen.com\/fr\/science-technologie\/plateforme-editech\/","og_site_name":"ALCEDIAG","article_modified_time":"2024-05-16T09:14:11+00:00","og_image":[{"url":"https:\/\/www.alcediag-alcen.com\/wp-content\/uploads\/2024\/01\/ALCEDIAG-brain-1024x551.webp","type":"","width":"","height":""}],"twitter_card":"summary_large_image","schema":{"@context":"https:\/\/schema.org","@graph":[{"@type":"WebPage","@id":"https:\/\/www.alcediag-alcen.com\/fr\/science-technologie\/plateforme-editech\/","url":"https:\/\/www.alcediag-alcen.com\/fr\/science-technologie\/plateforme-editech\/","name":"Plateforme EDITECH\u00ae, Pionnier de l'innovation interdisciplinaire | ALCEDIAG","isPartOf":{"@id":"https:\/\/www.alcediag-alcen.com\/fr\/#website"},"primaryImageOfPage":{"@id":"https:\/\/www.alcediag-alcen.com\/fr\/science-technologie\/plateforme-editech\/#primaryimage"},"image":{"@id":"https:\/\/www.alcediag-alcen.com\/fr\/science-technologie\/plateforme-editech\/#primaryimage"},"thumbnailUrl":"https:\/\/www.alcediag-alcen.com\/wp-content\/uploads\/2024\/01\/ALCEDIAG-brain.webp","datePublished":"2023-12-05T14:29:55+00:00","dateModified":"2024-05-16T09:14:11+00:00","description":"En savoir plus sur EDITECH, la plateforme int\u00e9gr\u00e9e d'ALCEDIAG qui englobe la biologie mol\u00e9culaire, la bioinformatique et les biostatistiques.","breadcrumb":{"@id":"https:\/\/www.alcediag-alcen.com\/fr\/science-technologie\/plateforme-editech\/#breadcrumb"},"inLanguage":"fr-FR","potentialAction":[{"@type":"ReadAction","target":["https:\/\/www.alcediag-alcen.com\/fr\/science-technologie\/plateforme-editech\/"]}]},{"@type":"ImageObject","inLanguage":"fr-FR","@id":"https:\/\/www.alcediag-alcen.com\/fr\/science-technologie\/plateforme-editech\/#primaryimage","url":"https:\/\/www.alcediag-alcen.com\/wp-content\/uploads\/2024\/01\/ALCEDIAG-brain.webp","contentUrl":"https:\/\/www.alcediag-alcen.com\/wp-content\/uploads\/2024\/01\/ALCEDIAG-brain.webp","width":2500,"height":1345,"caption":"ALCEDIAG EDITECH platform"},{"@type":"BreadcrumbList","@id":"https:\/\/www.alcediag-alcen.com\/fr\/science-technologie\/plateforme-editech\/#breadcrumb","itemListElement":[{"@type":"ListItem","position":1,"name":"Home","item":"https:\/\/www.alcediag-alcen.com\/fr\/"},{"@type":"ListItem","position":2,"name":"Science &amp; Technologie","item":"https:\/\/www.alcediag-alcen.com\/fr\/science-technologie\/"},{"@type":"ListItem","position":3,"name":"Plateforme EDITECH\u00ae"}]},{"@type":"WebSite","@id":"https:\/\/www.alcediag-alcen.com\/fr\/#website","url":"https:\/\/www.alcediag-alcen.com\/fr\/","name":"ALCEDIAG, biomarkers for better health","description":"biomarkers for better health","publisher":{"@id":"https:\/\/www.alcediag-alcen.com\/fr\/#organization"},"potentialAction":[{"@type":"SearchAction","target":{"@type":"EntryPoint","urlTemplate":"https:\/\/www.alcediag-alcen.com\/fr\/?s={search_term_string}"},"query-input":{"@type":"PropertyValueSpecification","valueRequired":true,"valueName":"search_term_string"}}],"inLanguage":"fr-FR"},{"@type":"Organization","@id":"https:\/\/www.alcediag-alcen.com\/fr\/#organization","name":"ALCEDIAG","alternateName":"ALCEDIAG, biomarkers for better health","url":"https:\/\/www.alcediag-alcen.com\/fr\/","logo":{"@type":"ImageObject","inLanguage":"fr-FR","@id":"https:\/\/www.alcediag-alcen.com\/fr\/#\/schema\/logo\/image\/","url":"https:\/\/www.alcediag-alcen.com\/wp-content\/uploads\/2024\/04\/ALCEDIAG-AforHEALTH.png","contentUrl":"https:\/\/www.alcediag-alcen.com\/wp-content\/uploads\/2024\/04\/ALCEDIAG-AforHEALTH.png","width":1200,"height":222,"caption":"ALCEDIAG"},"image":{"@id":"https:\/\/www.alcediag-alcen.com\/fr\/#\/schema\/logo\/image\/"},"sameAs":["https:\/\/www.linkedin.com\/company\/alcediag\/"]}]}},"_links":{"self":[{"href":"https:\/\/www.alcediag-alcen.com\/fr\/wp-json\/wp\/v2\/pages\/1337","targetHints":{"allow":["GET"]}}],"collection":[{"href":"https:\/\/www.alcediag-alcen.com\/fr\/wp-json\/wp\/v2\/pages"}],"about":[{"href":"https:\/\/www.alcediag-alcen.com\/fr\/wp-json\/wp\/v2\/types\/page"}],"author":[{"embeddable":true,"href":"https:\/\/www.alcediag-alcen.com\/fr\/wp-json\/wp\/v2\/users\/1"}],"replies":[{"embeddable":true,"href":"https:\/\/www.alcediag-alcen.com\/fr\/wp-json\/wp\/v2\/comments?post=1337"}],"version-history":[{"count":1,"href":"https:\/\/www.alcediag-alcen.com\/fr\/wp-json\/wp\/v2\/pages\/1337\/revisions"}],"predecessor-version":[{"id":1604,"href":"https:\/\/www.alcediag-alcen.com\/fr\/wp-json\/wp\/v2\/pages\/1337\/revisions\/1604"}],"up":[{"embeddable":true,"href":"https:\/\/www.alcediag-alcen.com\/fr\/wp-json\/wp\/v2\/pages\/1329"}],"wp:featuredmedia":[{"embeddable":true,"href":"https:\/\/www.alcediag-alcen.com\/fr\/wp-json\/wp\/v2\/media\/1197"}],"wp:attachment":[{"href":"https:\/\/www.alcediag-alcen.com\/fr\/wp-json\/wp\/v2\/media?parent=1337"}],"curies":[{"name":"wp","href":"https:\/\/api.w.org\/{rel}","templated":true}]}}